{"id":293,"date":"2017-04-17T19:56:57","date_gmt":"2017-04-17T17:56:57","guid":{"rendered":"http:\/\/elenaaerialdance.com\/?page_id=293"},"modified":"2018-06-13T23:05:47","modified_gmt":"2018-06-13T21:05:47","slug":"ueber-mich","status":"publish","type":"page","link":"https:\/\/elenaaerialdance.com\/de\/ueber-mich\/","title":{"rendered":"\u00dcber mich"},"content":{"rendered":"<p>\t\t\t\t<img decoding=\"async\" loading=\"lazy\" src=\"data:image\/gif;base64,R0lGODlhAQABAAAAACH5BAEKAAEALAAAAAABAAEAAAICTAEAOw==\" data-src=\"https:\/\/elenaaerialdance.com\/wp-content\/uploads\/Elena-Visual-Arts.jpg\" alt=\"Elena-Visual-Arts\" itemprop=\"image\" height=\"1067\" width=\"1600\"  \/><noscript><img decoding=\"async\" loading=\"lazy\" src=\"https:\/\/elenaaerialdance.com\/wp-content\/uploads\/Elena-Visual-Arts.jpg\" alt=\"Elena-Visual-Arts\" itemprop=\"image\" height=\"1067\" width=\"1600\"  \/><\/noscript><\/p>\n<h1>\u00dcber Elena<\/h1>\n<p>Elen ist Luftartistin und T\u00e4nzerin mit einer ausgepr\u00e4gten B\u00fchnenpr\u00e4senz und Leidenschaft. Sie tritt mit dem Vertikaltuch und Luftring auf. Sie hat Solo und Duett Luftakrobatik Shows.\u00a0<\/p>\n<p>Elen hat einen vielf\u00e4ltigen Hintergrund in\u00a0 lateinamerikanischen T\u00e4nzen, insbesondere &#8211; Tango Argentino, Salsa, Cha-cha-cha, Rumba, brasilianische Samba,\u00a0orientalischer und zeitgen\u00f6ssischer Tanz.<\/p>\n","protected":false},"excerpt":{"rendered":"<p>\u00dcber Elena Elen ist Luftartistin und T\u00e4nzerin mit einer ausgepr\u00e4gten B\u00fchnenpr\u00e4senz und Leidenschaft. Sie tritt mit dem Vertikaltuch und Luftring auf. Sie hat Solo und Duett Luftakrobatik Shows.\u00a0 Elen hat einen vielf\u00e4ltigen Hintergrund in\u00a0 lateinamerikanischen T\u00e4nzen, insbesondere &#8211; Tango Argentino, Salsa, Cha-cha-cha, Rumba, brasilianische Samba,\u00a0orientalischer und zeitgen\u00f6ssischer Tanz.<\/p>\n","protected":false},"author":2,"featured_media":0,"parent":0,"menu_order":0,"comment_status":"closed","ping_status":"closed","template":"page_beaver.php","meta":{"_genesis_hide_title":false,"_genesis_hide_breadcrumbs":false,"_genesis_hide_singular_image":false,"_genesis_hide_footer_widgets":false,"_genesis_custom_body_class":"","_genesis_custom_post_class":"","_genesis_layout":"","footnotes":""},"yoast_head":"<!-- This site is optimized with the Yoast SEO plugin v22.6 - https:\/\/yoast.com\/wordpress\/plugins\/seo\/ -->\n<title>Kreative Luftartistin und T\u00e4nzerin am Vertikaltuch und Luftring<\/title>\n<meta name=\"description\" content=\"Elena ist Luftartistin mit einer ausgepr\u00e4gter B\u00fchnenpr\u00e4senz und Leidenschaft. Elena erforscht neue Wege des Tanzes in der Luft.\" \/>\n<meta name=\"robots\" content=\"index, follow, max-snippet:-1, max-image-preview:large, max-video-preview:-1\" \/>\n<link rel=\"canonical\" href=\"https:\/\/elenaaerialdance.com\/de\/ueber-mich\/\" \/>\n<meta property=\"og:locale\" content=\"de_DE\" \/>\n<meta property=\"og:type\" content=\"article\" \/>\n<meta property=\"og:title\" content=\"Kreative Luftartistin und T\u00e4nzerin am Vertikaltuch und Luftring\" \/>\n<meta property=\"og:description\" content=\"Elena ist Luftartistin mit einer ausgepr\u00e4gter B\u00fchnenpr\u00e4senz und Leidenschaft. Elena erforscht neue Wege des Tanzes in der Luft.\" \/>\n<meta property=\"og:url\" content=\"https:\/\/elenaaerialdance.com\/de\/ueber-mich\/\" \/>\n<meta property=\"og:site_name\" content=\"Elena Aerial Dance\" \/>\n<meta property=\"article:modified_time\" content=\"2018-06-13T21:05:47+00:00\" \/>\n<meta property=\"og:image\" content=\"https:\/\/elenaaerialdance.com\/wp-content\/uploads\/Elena-Visual-Arts.jpg\" \/>\n<meta name=\"twitter:card\" content=\"summary_large_image\" \/>\n<script type=\"application\/ld+json\" class=\"yoast-schema-graph\">{\"@context\":\"https:\/\/schema.org\",\"@graph\":[{\"@type\":\"WebPage\",\"@id\":\"https:\/\/elenaaerialdance.com\/de\/ueber-mich\/\",\"url\":\"https:\/\/elenaaerialdance.com\/de\/ueber-mich\/\",\"name\":\"Kreative Luftartistin und T\u00e4nzerin am Vertikaltuch und Luftring\",\"isPartOf\":{\"@id\":\"https:\/\/elenaaerialdance.com\/#website\"},\"primaryImageOfPage\":{\"@id\":\"https:\/\/elenaaerialdance.com\/de\/ueber-mich\/#primaryimage\"},\"image\":{\"@id\":\"https:\/\/elenaaerialdance.com\/de\/ueber-mich\/#primaryimage\"},\"thumbnailUrl\":\"https:\/\/elenaaerialdance.com\/wp-content\/uploads\/Elena-Visual-Arts.jpg\",\"datePublished\":\"2017-04-17T17:56:57+00:00\",\"dateModified\":\"2018-06-13T21:05:47+00:00\",\"description\":\"Elena ist Luftartistin mit einer ausgepr\u00e4gter B\u00fchnenpr\u00e4senz und Leidenschaft. Elena erforscht neue Wege des Tanzes in der Luft.\",\"breadcrumb\":{\"@id\":\"https:\/\/elenaaerialdance.com\/de\/ueber-mich\/#breadcrumb\"},\"inLanguage\":\"de\",\"potentialAction\":[{\"@type\":\"ReadAction\",\"target\":[\"https:\/\/elenaaerialdance.com\/de\/ueber-mich\/\"]}]},{\"@type\":\"ImageObject\",\"inLanguage\":\"de\",\"@id\":\"https:\/\/elenaaerialdance.com\/de\/ueber-mich\/#primaryimage\",\"url\":\"https:\/\/elenaaerialdance.com\/wp-content\/uploads\/Elena-Visual-Arts.jpg\",\"contentUrl\":\"https:\/\/elenaaerialdance.com\/wp-content\/uploads\/Elena-Visual-Arts.jpg\"},{\"@type\":\"BreadcrumbList\",\"@id\":\"https:\/\/elenaaerialdance.com\/de\/ueber-mich\/#breadcrumb\",\"itemListElement\":[{\"@type\":\"ListItem\",\"position\":1,\"name\":\"Home\",\"item\":\"https:\/\/elenaaerialdance.com\/de\/\"},{\"@type\":\"ListItem\",\"position\":2,\"name\":\"\u00dcber mich\"}]},{\"@type\":\"WebSite\",\"@id\":\"https:\/\/elenaaerialdance.com\/#website\",\"url\":\"https:\/\/elenaaerialdance.com\/\",\"name\":\"Elena Aerial Dance\",\"description\":\"Aerial Dance Artist\",\"potentialAction\":[{\"@type\":\"SearchAction\",\"target\":{\"@type\":\"EntryPoint\",\"urlTemplate\":\"https:\/\/elenaaerialdance.com\/?s={search_term_string}\"},\"query-input\":\"required name=search_term_string\"}],\"inLanguage\":\"de\"}]}<\/script>\n<!-- \/ Yoast SEO plugin. -->","yoast_head_json":{"title":"Kreative Luftartistin und T\u00e4nzerin am Vertikaltuch und Luftring","description":"Elena ist Luftartistin mit einer ausgepr\u00e4gter B\u00fchnenpr\u00e4senz und Leidenschaft. Elena erforscht neue Wege des Tanzes in der Luft.","robots":{"index":"index","follow":"follow","max-snippet":"max-snippet:-1","max-image-preview":"max-image-preview:large","max-video-preview":"max-video-preview:-1"},"canonical":"https:\/\/elenaaerialdance.com\/de\/ueber-mich\/","og_locale":"de_DE","og_type":"article","og_title":"Kreative Luftartistin und T\u00e4nzerin am Vertikaltuch und Luftring","og_description":"Elena ist Luftartistin mit einer ausgepr\u00e4gter B\u00fchnenpr\u00e4senz und Leidenschaft. Elena erforscht neue Wege des Tanzes in der Luft.","og_url":"https:\/\/elenaaerialdance.com\/de\/ueber-mich\/","og_site_name":"Elena Aerial Dance","article_modified_time":"2018-06-13T21:05:47+00:00","og_image":[{"url":"https:\/\/elenaaerialdance.com\/wp-content\/uploads\/Elena-Visual-Arts.jpg"}],"twitter_card":"summary_large_image","schema":{"@context":"https:\/\/schema.org","@graph":[{"@type":"WebPage","@id":"https:\/\/elenaaerialdance.com\/de\/ueber-mich\/","url":"https:\/\/elenaaerialdance.com\/de\/ueber-mich\/","name":"Kreative Luftartistin und T\u00e4nzerin am Vertikaltuch und Luftring","isPartOf":{"@id":"https:\/\/elenaaerialdance.com\/#website"},"primaryImageOfPage":{"@id":"https:\/\/elenaaerialdance.com\/de\/ueber-mich\/#primaryimage"},"image":{"@id":"https:\/\/elenaaerialdance.com\/de\/ueber-mich\/#primaryimage"},"thumbnailUrl":"https:\/\/elenaaerialdance.com\/wp-content\/uploads\/Elena-Visual-Arts.jpg","datePublished":"2017-04-17T17:56:57+00:00","dateModified":"2018-06-13T21:05:47+00:00","description":"Elena ist Luftartistin mit einer ausgepr\u00e4gter B\u00fchnenpr\u00e4senz und Leidenschaft. Elena erforscht neue Wege des Tanzes in der Luft.","breadcrumb":{"@id":"https:\/\/elenaaerialdance.com\/de\/ueber-mich\/#breadcrumb"},"inLanguage":"de","potentialAction":[{"@type":"ReadAction","target":["https:\/\/elenaaerialdance.com\/de\/ueber-mich\/"]}]},{"@type":"ImageObject","inLanguage":"de","@id":"https:\/\/elenaaerialdance.com\/de\/ueber-mich\/#primaryimage","url":"https:\/\/elenaaerialdance.com\/wp-content\/uploads\/Elena-Visual-Arts.jpg","contentUrl":"https:\/\/elenaaerialdance.com\/wp-content\/uploads\/Elena-Visual-Arts.jpg"},{"@type":"BreadcrumbList","@id":"https:\/\/elenaaerialdance.com\/de\/ueber-mich\/#breadcrumb","itemListElement":[{"@type":"ListItem","position":1,"name":"Home","item":"https:\/\/elenaaerialdance.com\/de\/"},{"@type":"ListItem","position":2,"name":"\u00dcber mich"}]},{"@type":"WebSite","@id":"https:\/\/elenaaerialdance.com\/#website","url":"https:\/\/elenaaerialdance.com\/","name":"Elena Aerial Dance","description":"Aerial Dance Artist","potentialAction":[{"@type":"SearchAction","target":{"@type":"EntryPoint","urlTemplate":"https:\/\/elenaaerialdance.com\/?s={search_term_string}"},"query-input":"required name=search_term_string"}],"inLanguage":"de"}]}},"_links":{"self":[{"href":"https:\/\/elenaaerialdance.com\/de\/wp-json\/wp\/v2\/pages\/293\/"}],"collection":[{"href":"https:\/\/elenaaerialdance.com\/de\/wp-json\/wp\/v2\/pages\/"}],"about":[{"href":"https:\/\/elenaaerialdance.com\/de\/wp-json\/wp\/v2\/types\/page\/"}],"author":[{"embeddable":true,"href":"https:\/\/elenaaerialdance.com\/de\/wp-json\/wp\/v2\/users\/2\/"}],"replies":[{"embeddable":true,"href":"https:\/\/elenaaerialdance.com\/de\/wp-json\/wp\/v2\/comments\/?post=293"}],"version-history":[{"count":1,"href":"https:\/\/elenaaerialdance.com\/de\/wp-json\/wp\/v2\/pages\/293\/revisions\/"}],"predecessor-version":[{"id":511,"href":"https:\/\/elenaaerialdance.com\/de\/wp-json\/wp\/v2\/pages\/293\/revisions\/511\/"}],"wp:attachment":[{"href":"https:\/\/elenaaerialdance.com\/de\/wp-json\/wp\/v2\/media\/?parent=293"}],"curies":[{"name":"wp","href":"https:\/\/api.w.org\/{rel}","templated":true}]}}