{"id":296,"date":"2017-04-17T20:01:55","date_gmt":"2017-04-17T18:01:55","guid":{"rendered":"http:\/\/elenaaerialdance.com\/?page_id=296"},"modified":"2018-06-14T01:14:32","modified_gmt":"2018-06-13T23:14:32","slug":"acts","status":"publish","type":"page","link":"https:\/\/elenaaerialdance.com\/de\/acts\/","title":{"rendered":"Acts"},"content":{"rendered":"<h2>\n\t\tEleganter Tanz in der Luft<br \/>\n\t<\/h2>\n<h3>Die Kunst des fliegenden Tanzes mit der Musik.<\/h3>\n<h1>\n\t\tLuftartistik Performances<br \/>\n\t<\/h1>\n<p>\t\t\t\t<img decoding=\"async\" loading=\"lazy\" src=\"data:image\/gif;base64,R0lGODlhAQABAAAAACH5BAEKAAEALAAAAAABAAEAAAICTAEAOw==\" data-src=\"https:\/\/elenaaerialdance.com\/wp-content\/uploads\/Elen-aerialdancer-by-konrad-buske.jpg\" alt=\"Elen-aerialdancer-by-konrad-buske\" itemprop=\"image\" height=\"4091\" width=\"4096\"  \/><noscript><img decoding=\"async\" loading=\"lazy\" src=\"https:\/\/elenaaerialdance.com\/wp-content\/uploads\/Elen-aerialdancer-by-konrad-buske.jpg\" alt=\"Elen-aerialdancer-by-konrad-buske\" itemprop=\"image\" height=\"4091\" width=\"4096\"  \/><\/noscript><\/p>\n<h4>Vertikaltuch\u00a0Solo<\/h4>\n<p>Elenas Vertikaltuch Performance ber\u00fchrt das Publikum mit ihrem leidenschaftlichen, grazi\u00f6sen Tanz und atemberaubenden akrobatischen Elementen. Die Leichtigkeit des Tuches und ihre Flexibilit\u00e4t gibt ihrer Veranstaltung ein ganz besonderes Gef\u00fchl.<\/p>\n<p>\t\t\t<a href=\"https:\/\/elenaaerialdance.com\/de\/kontakt\/\" target=\"_self\" role=\"button\"><br \/>\n\t\t\t\t\t\t\tAnfrage schicken<br \/>\n\t\t\t\t\t<\/a><\/p>\n<h4>Luftring\u00a0Solo<\/h4>\n<p>Dynamik des Luftreifens bezaubert das Publikum. Drehend schnell in der Luft kreiert Elena einen flexiblen und mysteri\u00f6sen Tanz.<\/p>\n<p>\t\t\t<a href=\"https:\/\/elenaaerialdance.com\/de\/kontakt\/\" target=\"_self\" role=\"button\"><br \/>\n\t\t\t\t\t\t\tAnfrage schicken<br \/>\n\t\t\t\t\t<\/a><br \/>\n\t\t\t\t<img decoding=\"async\" loading=\"lazy\" src=\"data:image\/gif;base64,R0lGODlhAQABAAAAACH5BAEKAAEALAAAAAABAAEAAAICTAEAOw==\" data-src=\"https:\/\/elenaaerialdance.com\/wp-content\/uploads\/Elen-aerialhoop-by-konrad-buske.jpg\" alt=\"Elen Aerialist by Konrad Buske\" itemprop=\"image\" height=\"1032\" width=\"800\"  \/><noscript><img decoding=\"async\" loading=\"lazy\" src=\"https:\/\/elenaaerialdance.com\/wp-content\/uploads\/Elen-aerialhoop-by-konrad-buske.jpg\" alt=\"Elen Aerialist by Konrad Buske\" itemprop=\"image\" height=\"1032\" width=\"800\"  \/><\/noscript><\/p>\n","protected":false},"excerpt":{"rendered":"<p>Eleganter Tanz in der Luft Die Kunst des fliegenden Tanzes mit der Musik. Luftartistik Performances Vertikaltuch\u00a0Solo Elenas Vertikaltuch Performance ber\u00fchrt das Publikum mit ihrem leidenschaftlichen, grazi\u00f6sen Tanz und atemberaubenden akrobatischen Elementen. Die Leichtigkeit des Tuches und ihre Flexibilit\u00e4t gibt ihrer Veranstaltung ein ganz besonderes Gef\u00fchl. Anfrage schicken Luftring\u00a0Solo Dynamik des Luftreifens bezaubert das Publikum. Drehend [&hellip;]<\/p>\n","protected":false},"author":2,"featured_media":0,"parent":0,"menu_order":0,"comment_status":"closed","ping_status":"closed","template":"page_beaver.php","meta":{"_genesis_hide_title":false,"_genesis_hide_breadcrumbs":false,"_genesis_hide_singular_image":false,"_genesis_hide_footer_widgets":false,"_genesis_custom_body_class":"","_genesis_custom_post_class":"","_genesis_layout":"","footnotes":""},"yoast_head":"<!-- This site is optimized with the Yoast SEO plugin v22.6 - https:\/\/yoast.com\/wordpress\/plugins\/seo\/ -->\n<title>Eleganter Tanz in der Luft. Vertikaltuch, Luftring, Corde Lisse Solo, Duett und Duo Acts<\/title>\n<meta name=\"description\" content=\"Elenas Vertikaltuch und Luftring Performances bezaubern das Publikum mit ihrem leidenschaftlichen Tanz und atemberaubenden akrobatischen Elementen.\" \/>\n<meta name=\"robots\" content=\"index, follow, max-snippet:-1, max-image-preview:large, max-video-preview:-1\" \/>\n<link rel=\"canonical\" href=\"https:\/\/elenaaerialdance.com\/de\/acts\/\" \/>\n<meta property=\"og:locale\" content=\"de_DE\" \/>\n<meta property=\"og:type\" content=\"article\" \/>\n<meta property=\"og:title\" content=\"Eleganter Tanz in der Luft. Vertikaltuch, Luftring, Corde Lisse Solo, Duett und Duo Acts\" \/>\n<meta property=\"og:description\" content=\"Elenas Vertikaltuch und Luftring Performances bezaubern das Publikum mit ihrem leidenschaftlichen Tanz und atemberaubenden akrobatischen Elementen.\" \/>\n<meta property=\"og:url\" content=\"https:\/\/elenaaerialdance.com\/de\/acts\/\" \/>\n<meta property=\"og:site_name\" content=\"Elena Aerial Dance\" \/>\n<meta property=\"article:modified_time\" content=\"2018-06-13T23:14:32+00:00\" \/>\n<meta property=\"og:image\" content=\"https:\/\/elenaaerialdance.com\/wp-content\/uploads\/Elen-aerialdancer-by-konrad-buske.jpg\" \/>\n<meta name=\"twitter:card\" content=\"summary_large_image\" \/>\n<script type=\"application\/ld+json\" class=\"yoast-schema-graph\">{\"@context\":\"https:\/\/schema.org\",\"@graph\":[{\"@type\":\"WebPage\",\"@id\":\"https:\/\/elenaaerialdance.com\/de\/acts\/\",\"url\":\"https:\/\/elenaaerialdance.com\/de\/acts\/\",\"name\":\"Eleganter Tanz in der Luft. Vertikaltuch, Luftring, Corde Lisse Solo, Duett und Duo Acts\",\"isPartOf\":{\"@id\":\"https:\/\/elenaaerialdance.com\/#website\"},\"primaryImageOfPage\":{\"@id\":\"https:\/\/elenaaerialdance.com\/de\/acts\/#primaryimage\"},\"image\":{\"@id\":\"https:\/\/elenaaerialdance.com\/de\/acts\/#primaryimage\"},\"thumbnailUrl\":\"https:\/\/elenaaerialdance.com\/wp-content\/uploads\/Elen-aerialdancer-by-konrad-buske.jpg\",\"datePublished\":\"2017-04-17T18:01:55+00:00\",\"dateModified\":\"2018-06-13T23:14:32+00:00\",\"description\":\"Elenas Vertikaltuch und Luftring Performances bezaubern das Publikum mit ihrem leidenschaftlichen Tanz und atemberaubenden akrobatischen Elementen.\",\"breadcrumb\":{\"@id\":\"https:\/\/elenaaerialdance.com\/de\/acts\/#breadcrumb\"},\"inLanguage\":\"de\",\"potentialAction\":[{\"@type\":\"ReadAction\",\"target\":[\"https:\/\/elenaaerialdance.com\/de\/acts\/\"]}]},{\"@type\":\"ImageObject\",\"inLanguage\":\"de\",\"@id\":\"https:\/\/elenaaerialdance.com\/de\/acts\/#primaryimage\",\"url\":\"https:\/\/elenaaerialdance.com\/wp-content\/uploads\/Elen-aerialdancer-by-konrad-buske.jpg\",\"contentUrl\":\"https:\/\/elenaaerialdance.com\/wp-content\/uploads\/Elen-aerialdancer-by-konrad-buske.jpg\"},{\"@type\":\"BreadcrumbList\",\"@id\":\"https:\/\/elenaaerialdance.com\/de\/acts\/#breadcrumb\",\"itemListElement\":[{\"@type\":\"ListItem\",\"position\":1,\"name\":\"Home\",\"item\":\"https:\/\/elenaaerialdance.com\/de\/\"},{\"@type\":\"ListItem\",\"position\":2,\"name\":\"Acts\"}]},{\"@type\":\"WebSite\",\"@id\":\"https:\/\/elenaaerialdance.com\/#website\",\"url\":\"https:\/\/elenaaerialdance.com\/\",\"name\":\"Elena Aerial Dance\",\"description\":\"Aerial Dance Artist\",\"potentialAction\":[{\"@type\":\"SearchAction\",\"target\":{\"@type\":\"EntryPoint\",\"urlTemplate\":\"https:\/\/elenaaerialdance.com\/?s={search_term_string}\"},\"query-input\":\"required name=search_term_string\"}],\"inLanguage\":\"de\"}]}<\/script>\n<!-- \/ Yoast SEO plugin. -->","yoast_head_json":{"title":"Eleganter Tanz in der Luft. Vertikaltuch, Luftring, Corde Lisse Solo, Duett und Duo Acts","description":"Elenas Vertikaltuch und Luftring Performances bezaubern das Publikum mit ihrem leidenschaftlichen Tanz und atemberaubenden akrobatischen Elementen.","robots":{"index":"index","follow":"follow","max-snippet":"max-snippet:-1","max-image-preview":"max-image-preview:large","max-video-preview":"max-video-preview:-1"},"canonical":"https:\/\/elenaaerialdance.com\/de\/acts\/","og_locale":"de_DE","og_type":"article","og_title":"Eleganter Tanz in der Luft. Vertikaltuch, Luftring, Corde Lisse Solo, Duett und Duo Acts","og_description":"Elenas Vertikaltuch und Luftring Performances bezaubern das Publikum mit ihrem leidenschaftlichen Tanz und atemberaubenden akrobatischen Elementen.","og_url":"https:\/\/elenaaerialdance.com\/de\/acts\/","og_site_name":"Elena Aerial Dance","article_modified_time":"2018-06-13T23:14:32+00:00","og_image":[{"url":"https:\/\/elenaaerialdance.com\/wp-content\/uploads\/Elen-aerialdancer-by-konrad-buske.jpg"}],"twitter_card":"summary_large_image","schema":{"@context":"https:\/\/schema.org","@graph":[{"@type":"WebPage","@id":"https:\/\/elenaaerialdance.com\/de\/acts\/","url":"https:\/\/elenaaerialdance.com\/de\/acts\/","name":"Eleganter Tanz in der Luft. Vertikaltuch, Luftring, Corde Lisse Solo, Duett und Duo Acts","isPartOf":{"@id":"https:\/\/elenaaerialdance.com\/#website"},"primaryImageOfPage":{"@id":"https:\/\/elenaaerialdance.com\/de\/acts\/#primaryimage"},"image":{"@id":"https:\/\/elenaaerialdance.com\/de\/acts\/#primaryimage"},"thumbnailUrl":"https:\/\/elenaaerialdance.com\/wp-content\/uploads\/Elen-aerialdancer-by-konrad-buske.jpg","datePublished":"2017-04-17T18:01:55+00:00","dateModified":"2018-06-13T23:14:32+00:00","description":"Elenas Vertikaltuch und Luftring Performances bezaubern das Publikum mit ihrem leidenschaftlichen Tanz und atemberaubenden akrobatischen Elementen.","breadcrumb":{"@id":"https:\/\/elenaaerialdance.com\/de\/acts\/#breadcrumb"},"inLanguage":"de","potentialAction":[{"@type":"ReadAction","target":["https:\/\/elenaaerialdance.com\/de\/acts\/"]}]},{"@type":"ImageObject","inLanguage":"de","@id":"https:\/\/elenaaerialdance.com\/de\/acts\/#primaryimage","url":"https:\/\/elenaaerialdance.com\/wp-content\/uploads\/Elen-aerialdancer-by-konrad-buske.jpg","contentUrl":"https:\/\/elenaaerialdance.com\/wp-content\/uploads\/Elen-aerialdancer-by-konrad-buske.jpg"},{"@type":"BreadcrumbList","@id":"https:\/\/elenaaerialdance.com\/de\/acts\/#breadcrumb","itemListElement":[{"@type":"ListItem","position":1,"name":"Home","item":"https:\/\/elenaaerialdance.com\/de\/"},{"@type":"ListItem","position":2,"name":"Acts"}]},{"@type":"WebSite","@id":"https:\/\/elenaaerialdance.com\/#website","url":"https:\/\/elenaaerialdance.com\/","name":"Elena Aerial Dance","description":"Aerial Dance Artist","potentialAction":[{"@type":"SearchAction","target":{"@type":"EntryPoint","urlTemplate":"https:\/\/elenaaerialdance.com\/?s={search_term_string}"},"query-input":"required name=search_term_string"}],"inLanguage":"de"}]}},"_links":{"self":[{"href":"https:\/\/elenaaerialdance.com\/de\/wp-json\/wp\/v2\/pages\/296\/"}],"collection":[{"href":"https:\/\/elenaaerialdance.com\/de\/wp-json\/wp\/v2\/pages\/"}],"about":[{"href":"https:\/\/elenaaerialdance.com\/de\/wp-json\/wp\/v2\/types\/page\/"}],"author":[{"embeddable":true,"href":"https:\/\/elenaaerialdance.com\/de\/wp-json\/wp\/v2\/users\/2\/"}],"replies":[{"embeddable":true,"href":"https:\/\/elenaaerialdance.com\/de\/wp-json\/wp\/v2\/comments\/?post=296"}],"version-history":[{"count":1,"href":"https:\/\/elenaaerialdance.com\/de\/wp-json\/wp\/v2\/pages\/296\/revisions\/"}],"predecessor-version":[{"id":512,"href":"https:\/\/elenaaerialdance.com\/de\/wp-json\/wp\/v2\/pages\/296\/revisions\/512\/"}],"wp:attachment":[{"href":"https:\/\/elenaaerialdance.com\/de\/wp-json\/wp\/v2\/media\/?parent=296"}],"curies":[{"name":"wp","href":"https:\/\/api.w.org\/{rel}","templated":true}]}}