{"id":310,"date":"2017-04-17T21:49:04","date_gmt":"2017-04-17T19:49:04","guid":{"rendered":"http:\/\/elenaaerialdance.com\/?page_id=310"},"modified":"2018-06-14T23:45:52","modified_gmt":"2018-06-14T21:45:52","slug":"technik","status":"publish","type":"page","link":"https:\/\/elenaaerialdance.com\/de\/technik\/","title":{"rendered":"Technik"},"content":{"rendered":"<h1>Technik<\/h1>\n<h2>Rigging<\/h2>\n<h3>Technische Informationen<\/h3>\n<p>Technische Daten bez\u00fcglich der Aufh\u00e4ngung, H\u00f6he und Tragekraft.\u00a0<\/p>\n<h4>Vertikaltuch<\/h4>\n<h4><strong>Vertikaltuch Solo<\/strong><\/h4>\n<p>Ein H\u00e4ngepunkt mit\u00a0mindestens 4 Meter H\u00f6he.\u00a0Tragkraft mindestens 350 kg. Freier Platz am Boden mit etwa 3 Meter Durchmesser. Aufh\u00e4ngem\u00f6glichkeit vor Ort (Leiter, Hubsteiger, Kran).<\/p>\n<h4><strong>Vertikaltuch\u00a0<\/strong><strong>Duett\u00a0<\/strong><\/h4>\n<p> Ein H\u00e4ngepunkt mit mindestens 4-5\u00a0Meter H\u00f6he.\u00a0Tragkraft mindestens 500 kg per H\u00e4ngepunkt, freier Platz am Boden mit etwa 3 Meter Durchmesser.\u00a0Aufh\u00e4ngem\u00f6glichkeit vor Ort (Leiter, Hubsteiger, Kran).<\/p>\n<h4>Luftring<\/h4>\n<h4><strong>Luftring Solo<\/strong><\/h4>\n<p> Ein H\u00e4ngepunkt in mindestens 4.5 Meter H\u00f6he. Tragkraft mindestens 350 kg. Freier Platz am Boden mit etwa 2.5 Meter Durchmesser. Aufh\u00e4ngem\u00f6glichkeit vor Ort (Leiter, Hubsteiger, Kran). Statisch oder mit Motor m\u00f6glich.<\/p>\n<h4>Luftring Duett<\/h4>\n<p>Ein H\u00e4ngepunkt in mindestens 4.5 Meter H\u00f6he. Tragkraft mindestens 500 kg. Freier Platz am Boden mit etwa 4\u00a0Meter Durchmesser. Aufh\u00e4ngem\u00f6glichkeit vor Ort (Leiter, Hubsteiger, Kran). Statisch oder mit Motor m\u00f6glich.<\/p>\n","protected":false},"excerpt":{"rendered":"<p>Technik Rigging Technische Informationen Technische Daten bez\u00fcglich der Aufh\u00e4ngung, H\u00f6he und Tragekraft.\u00a0 Vertikaltuch Vertikaltuch Solo Ein H\u00e4ngepunkt mit\u00a0mindestens 4 Meter H\u00f6he.\u00a0Tragkraft mindestens 350 kg. Freier Platz am Boden mit etwa 3 Meter Durchmesser. Aufh\u00e4ngem\u00f6glichkeit vor Ort (Leiter, Hubsteiger, Kran). Vertikaltuch\u00a0Duett\u00a0 Ein H\u00e4ngepunkt mit mindestens 4-5\u00a0Meter H\u00f6he.\u00a0Tragkraft mindestens 500 kg per H\u00e4ngepunkt, freier Platz am Boden [&hellip;]<\/p>\n","protected":false},"author":2,"featured_media":0,"parent":0,"menu_order":0,"comment_status":"closed","ping_status":"closed","template":"page_beaver.php","meta":{"_genesis_hide_title":false,"_genesis_hide_breadcrumbs":false,"_genesis_hide_singular_image":false,"_genesis_hide_footer_widgets":false,"_genesis_custom_body_class":"","_genesis_custom_post_class":"","_genesis_layout":"full-width-content","footnotes":""},"yoast_head":"<!-- This site is optimized with the Yoast SEO plugin v22.6 - https:\/\/yoast.com\/wordpress\/plugins\/seo\/ -->\n<title>Technische Informationen zu beachten f\u00fcr ein Luftartistik Performance<\/title>\n<meta name=\"description\" content=\"Ein H\u00e4ngepunkt mit mindestens 4-5 Meter H\u00f6he. Tragkraft mindestens 500 kg per H\u00e4ngepunkt, freier Platz am Boden mit etwa 3 Meter Durchmesser...\" \/>\n<meta name=\"robots\" content=\"index, follow, max-snippet:-1, max-image-preview:large, max-video-preview:-1\" \/>\n<link rel=\"canonical\" href=\"https:\/\/elenaaerialdance.com\/de\/technik\/\" \/>\n<meta property=\"og:locale\" content=\"de_DE\" \/>\n<meta property=\"og:type\" content=\"article\" \/>\n<meta property=\"og:title\" content=\"Technische Informationen zu beachten f\u00fcr ein Luftartistik Performance\" \/>\n<meta property=\"og:description\" content=\"Ein H\u00e4ngepunkt mit mindestens 4-5 Meter H\u00f6he. Tragkraft mindestens 500 kg per H\u00e4ngepunkt, freier Platz am Boden mit etwa 3 Meter Durchmesser...\" \/>\n<meta property=\"og:url\" content=\"https:\/\/elenaaerialdance.com\/de\/technik\/\" \/>\n<meta property=\"og:site_name\" content=\"Elena Aerial Dance\" \/>\n<meta property=\"article:modified_time\" content=\"2018-06-14T21:45:52+00:00\" \/>\n<meta name=\"twitter:card\" content=\"summary_large_image\" \/>\n<meta name=\"twitter:label1\" content=\"Gesch\u00e4tzte Lesezeit\" \/>\n\t<meta name=\"twitter:data1\" content=\"1\u00a0Minute\" \/>\n<script type=\"application\/ld+json\" class=\"yoast-schema-graph\">{\"@context\":\"https:\/\/schema.org\",\"@graph\":[{\"@type\":\"WebPage\",\"@id\":\"https:\/\/elenaaerialdance.com\/de\/technik\/\",\"url\":\"https:\/\/elenaaerialdance.com\/de\/technik\/\",\"name\":\"Technische Informationen zu beachten f\u00fcr ein Luftartistik Performance\",\"isPartOf\":{\"@id\":\"https:\/\/elenaaerialdance.com\/#website\"},\"datePublished\":\"2017-04-17T19:49:04+00:00\",\"dateModified\":\"2018-06-14T21:45:52+00:00\",\"description\":\"Ein H\u00e4ngepunkt mit mindestens 4-5 Meter H\u00f6he. Tragkraft mindestens 500 kg per H\u00e4ngepunkt, freier Platz am Boden mit etwa 3 Meter Durchmesser...\",\"breadcrumb\":{\"@id\":\"https:\/\/elenaaerialdance.com\/de\/technik\/#breadcrumb\"},\"inLanguage\":\"de\",\"potentialAction\":[{\"@type\":\"ReadAction\",\"target\":[\"https:\/\/elenaaerialdance.com\/de\/technik\/\"]}]},{\"@type\":\"BreadcrumbList\",\"@id\":\"https:\/\/elenaaerialdance.com\/de\/technik\/#breadcrumb\",\"itemListElement\":[{\"@type\":\"ListItem\",\"position\":1,\"name\":\"Home\",\"item\":\"https:\/\/elenaaerialdance.com\/de\/\"},{\"@type\":\"ListItem\",\"position\":2,\"name\":\"Technik\"}]},{\"@type\":\"WebSite\",\"@id\":\"https:\/\/elenaaerialdance.com\/#website\",\"url\":\"https:\/\/elenaaerialdance.com\/\",\"name\":\"Elena Aerial Dance\",\"description\":\"Aerial Dance Artist\",\"potentialAction\":[{\"@type\":\"SearchAction\",\"target\":{\"@type\":\"EntryPoint\",\"urlTemplate\":\"https:\/\/elenaaerialdance.com\/?s={search_term_string}\"},\"query-input\":\"required name=search_term_string\"}],\"inLanguage\":\"de\"}]}<\/script>\n<!-- \/ Yoast SEO plugin. -->","yoast_head_json":{"title":"Technische Informationen zu beachten f\u00fcr ein Luftartistik Performance","description":"Ein H\u00e4ngepunkt mit mindestens 4-5 Meter H\u00f6he. Tragkraft mindestens 500 kg per H\u00e4ngepunkt, freier Platz am Boden mit etwa 3 Meter Durchmesser...","robots":{"index":"index","follow":"follow","max-snippet":"max-snippet:-1","max-image-preview":"max-image-preview:large","max-video-preview":"max-video-preview:-1"},"canonical":"https:\/\/elenaaerialdance.com\/de\/technik\/","og_locale":"de_DE","og_type":"article","og_title":"Technische Informationen zu beachten f\u00fcr ein Luftartistik Performance","og_description":"Ein H\u00e4ngepunkt mit mindestens 4-5 Meter H\u00f6he. Tragkraft mindestens 500 kg per H\u00e4ngepunkt, freier Platz am Boden mit etwa 3 Meter Durchmesser...","og_url":"https:\/\/elenaaerialdance.com\/de\/technik\/","og_site_name":"Elena Aerial Dance","article_modified_time":"2018-06-14T21:45:52+00:00","twitter_card":"summary_large_image","twitter_misc":{"Gesch\u00e4tzte Lesezeit":"1\u00a0Minute"},"schema":{"@context":"https:\/\/schema.org","@graph":[{"@type":"WebPage","@id":"https:\/\/elenaaerialdance.com\/de\/technik\/","url":"https:\/\/elenaaerialdance.com\/de\/technik\/","name":"Technische Informationen zu beachten f\u00fcr ein Luftartistik Performance","isPartOf":{"@id":"https:\/\/elenaaerialdance.com\/#website"},"datePublished":"2017-04-17T19:49:04+00:00","dateModified":"2018-06-14T21:45:52+00:00","description":"Ein H\u00e4ngepunkt mit mindestens 4-5 Meter H\u00f6he. Tragkraft mindestens 500 kg per H\u00e4ngepunkt, freier Platz am Boden mit etwa 3 Meter Durchmesser...","breadcrumb":{"@id":"https:\/\/elenaaerialdance.com\/de\/technik\/#breadcrumb"},"inLanguage":"de","potentialAction":[{"@type":"ReadAction","target":["https:\/\/elenaaerialdance.com\/de\/technik\/"]}]},{"@type":"BreadcrumbList","@id":"https:\/\/elenaaerialdance.com\/de\/technik\/#breadcrumb","itemListElement":[{"@type":"ListItem","position":1,"name":"Home","item":"https:\/\/elenaaerialdance.com\/de\/"},{"@type":"ListItem","position":2,"name":"Technik"}]},{"@type":"WebSite","@id":"https:\/\/elenaaerialdance.com\/#website","url":"https:\/\/elenaaerialdance.com\/","name":"Elena Aerial Dance","description":"Aerial Dance Artist","potentialAction":[{"@type":"SearchAction","target":{"@type":"EntryPoint","urlTemplate":"https:\/\/elenaaerialdance.com\/?s={search_term_string}"},"query-input":"required name=search_term_string"}],"inLanguage":"de"}]}},"_links":{"self":[{"href":"https:\/\/elenaaerialdance.com\/de\/wp-json\/wp\/v2\/pages\/310\/"}],"collection":[{"href":"https:\/\/elenaaerialdance.com\/de\/wp-json\/wp\/v2\/pages\/"}],"about":[{"href":"https:\/\/elenaaerialdance.com\/de\/wp-json\/wp\/v2\/types\/page\/"}],"author":[{"embeddable":true,"href":"https:\/\/elenaaerialdance.com\/de\/wp-json\/wp\/v2\/users\/2\/"}],"replies":[{"embeddable":true,"href":"https:\/\/elenaaerialdance.com\/de\/wp-json\/wp\/v2\/comments\/?post=310"}],"version-history":[{"count":2,"href":"https:\/\/elenaaerialdance.com\/de\/wp-json\/wp\/v2\/pages\/310\/revisions\/"}],"predecessor-version":[{"id":521,"href":"https:\/\/elenaaerialdance.com\/de\/wp-json\/wp\/v2\/pages\/310\/revisions\/521\/"}],"wp:attachment":[{"href":"https:\/\/elenaaerialdance.com\/de\/wp-json\/wp\/v2\/media\/?parent=310"}],"curies":[{"name":"wp","href":"https:\/\/api.w.org\/{rel}","templated":true}]}}